{"id":274,"date":"2017-04-10T22:09:34","date_gmt":"2017-04-10T22:09:34","guid":{"rendered":"http:\/\/lesgrosvoyagent.fr\/wordpress\/?page_id=274"},"modified":"2019-07-18T17:37:29","modified_gmt":"2019-07-18T17:37:29","slug":"photos","status":"publish","type":"page","link":"https:\/\/lesgrosvoyagent.fr\/wordpress\/photos\/","title":{"rendered":"Photos \u00e0 volont\u00e9"},"content":{"rendered":"<p>Notre voyage n&rsquo;a maintenant plus de secret pour vous. Acc\u00e9dez \u00e0 tous nos clich\u00e9s comme si vous y \u00e9tiez.<\/p>\n<p style=\"text-align: center;\"><em>\u26a0\ufe0f Attention, certaines images peuvent susciter des envies soudaines d&rsquo;escapades lointaines.\u00a0\u26a0\ufe0f<\/em><\/p>\n<hr \/>\n<div class=\"photos_list\">\n<h2>Singapour<\/h2>\n<div style=\"width: 160px\" class=\"wp-caption alignleft\"><a href=\"https:\/\/photos.app.goo.gl\/gGui5smZLAKfrCQA3\" target=\"_blank\" rel=\"noopener\"><img loading=\"lazy\" decoding=\"async\" class=\"photo_album_thbm\" src=\"https:\/\/lesgrosvoyagent.fr\/wordpress\/wp-content\/uploads\/2018\/02\/singapour-1-300x200.jpg\" alt=\"Singapour\" width=\"150\" height=\"150\" \/><\/a><p class=\"wp-caption-text\">Singapour<\/p><\/div>\n<h2>Malaisie<\/h2>\n<div style=\"width: 160px\" class=\"wp-caption alignleft\"><a href=\"https:\/\/photos.app.goo.gl\/n3mi6CeBgCfPG5v22\" target=\"_blank\" rel=\"noopener\"><img loading=\"lazy\" decoding=\"async\" class=\"photo_album_thbm\" src=\"https:\/\/lesgrosvoyagent.fr\/wordpress\/wp-content\/uploads\/2018\/02\/KL-300x169.jpg\" alt=\"Penang, Langkawi, Ipho, Kuala Lumpur, Malacca \" width=\"150\" height=\"150\" \/><\/a><p class=\"wp-caption-text\">Penang, Langkawi, Ipho, Kuala Lumpur, Malacca<\/p><\/div>\n<h2>Thailand<\/h2>\n<div style=\"width: 160px\" class=\"wp-caption alignleft\"><a href=\"https:\/\/photos.app.goo.gl\/qOXkjN8I1ZuK0QrR2\" target=\"_blank\" rel=\"noopener\"><img loading=\"lazy\" decoding=\"async\" class=\"photo_album_thbm\" src=\"https:\/\/lesgrosvoyagent.fr\/wordpress\/wp-content\/uploads\/2017\/12\/20171215_102614-2-300x169.jpg\" alt=\"Koh Tao, Tonsai, Koh Lanta\" width=\"150\" height=\"150\" \/><\/a><p class=\"wp-caption-text\">Koh Tao, Tonsai, Koh Lanta<\/p><\/div>\n<div style=\"width: 160px\" class=\"wp-caption alignleft\"><a href=\"https:\/\/photos.app.goo.gl\/VuAjwgCvnPHHtfKv2\" target=\"_blank\" rel=\"noopener\"><img loading=\"lazy\" decoding=\"async\" class=\"photo_album_thbm\" src=\"https:\/\/lesgrosvoyagent.fr\/wordpress\/wp-content\/uploads\/2017\/12\/20171126_112911-300x169.jpg\" alt=\"Sukhothai, Chang Mai, Pai, Chang Rai\" width=\"150\" height=\"150\" \/><\/a><p class=\"wp-caption-text\">Sukhothai, Chang Mai, Pai, Chang Rai<\/p><\/div>\n<div style=\"width: 188px\" class=\"wp-caption alignleft\"><a href=\"https:\/\/photos.app.goo.gl\/7MwTovyQ7gutDaR03\" target=\"_blank\" rel=\"noopener\"><img loading=\"lazy\" decoding=\"async\" class=\"photo_album_thbm\" src=\"https:\/\/lesgrosvoyagent.fr\/wordpress\/wp-content\/uploads\/2017\/12\/20171123_110548-1-300x169.jpg\" alt=\"Bangkok\" width=\"178\" height=\"100\" \/><\/a><p class=\"wp-caption-text\">Bangkok<\/p><\/div>\n<h2>Cambodge<\/h2>\n<div style=\"width: 188px\" class=\"wp-caption alignleft\"><a href=\"https:\/\/photos.app.goo.gl\/OSgCiSxbgop9tqtK2\" target=\"_blank\" rel=\"noopener\"><img loading=\"lazy\" decoding=\"async\" class=\"photo_album_thbm\" src=\"https:\/\/lh3.googleusercontent.com\/IQgNS6dVdqxYZTxOzEec0cMczIJgHE2XpsEYxyXcoB7tICAfu_8qtXuveJaIBXPXDv5TWlLKd44fwxIYRv9SNH6QTVK0Mv8dC6HX5Fw5FGQgZmrrzvrcQtdgQAzsK3SY-c9jXvDGB6QUZLaBhmX54PCmn-IcFtyeVa08Lq1Ysau8tfPKzgxZixfprwOGt3j-wmuEGU1RTxHeLo5MR889OP9dJAfJCZ2L5EQDpyE1FARUGO3jKJNi3_3T3vXBGHFNTZ4JqTC4plHRcuCboxKWLQYBNeLkF4ndVTRIwhzR9CJKidp7ve9ROAnJTmAWq4IqyfUGynqUJBHhUf8HjdYTylhX2hPqnWT4JEVUJqSa83bmRyeNQIZy3IsoIw-FqyYCIzyQEJzZRzl6oqqfWceFbHqwIQE0pevWkuc2wiv83VYEeH7nALhBzwBGITQ7EY8UV6dziypB3W5EHox53Pf-SceJxI-dDKgd6V98DGjDD2CwXbq1K2iiX6KaExhqV88A5xveJHzd3be0Qzj97ASVYWX-0eGHxiRH5fmBYZFAFcr5j3lgCnBdrF5P3d3LNhniJYBiFIcWkZk9VlX8u54Zj0_88bg3bWevbe8QV8n9nCfYHiDgjM9Es6Ov528e0eWaQft2xE4FHZjTBLxndJu9PPVWPzqbC8fj=h200-no\" alt=\"Siem Reap\" width=\"178\" height=\"100\" \/><\/a><p class=\"wp-caption-text\">Siem Reap, Angkor Wat<\/p><\/div>\n<div style=\"width: 188px\" class=\"wp-caption alignleft\"><a href=\"https:\/\/photos.app.goo.gl\/LF6HqG1KsHVLnE253\" target=\"_blank\" rel=\"noopener\"><img loading=\"lazy\" decoding=\"async\" class=\"photo_album_thbm\" src=\"https:\/\/lesgrosvoyagent.fr\/wordpress\/wp-content\/uploads\/2017\/12\/20171114_105717-300x169.jpg\" alt=\"Mondulkiri\" width=\"178\" height=\"100\" \/><\/a><p class=\"wp-caption-text\">Mondulkiri<\/p><\/div>\n<div style=\"width: 188px\" class=\"wp-caption alignleft\"><a href=\"https:\/\/photos.app.goo.gl\/VSSUSEHFkHEErQEu1\" target=\"_blank\" rel=\"noopener\"><img decoding=\"async\" class=\"photo_album_thbm\" src=\"https:\/\/lesgrosvoyagent.fr\/wordpress\/wp-content\/uploads\/2017\/12\/IMG_20171110_125111721-300x225.jpg\" alt=\"Kampot, Otres &amp; Koh Rong Samloem\" height=\"100\" \/><\/a><p class=\"wp-caption-text\">Kampot, Otres &amp; Koh Rong Samloem<\/p><\/div>\n<div style=\"width: 188px\" class=\"wp-caption alignleft\"><a href=\"https:\/\/photos.app.goo.gl\/V007h19OjChGypQC3\" target=\"_blank\" rel=\"noopener\"><img loading=\"lazy\" decoding=\"async\" class=\"photo_album_thbm\" src=\"https:\/\/lesgrosvoyagent.fr\/wordpress\/wp-content\/uploads\/2017\/12\/20171101_155242-300x169.jpg\" alt=\"Phnom Penh\" width=\"178\" height=\"100\" \/><\/a><p class=\"wp-caption-text\">Phnom Penh<\/p><\/div>\n<h2>Vietnam<\/h2>\n<div style=\"width: 188px\" class=\"wp-caption alignleft\"><a href=\"https:\/\/photos.app.goo.gl\/AQlfXuEPKiYnGwUY2\" target=\"_blank\" rel=\"noopener\"><img loading=\"lazy\" decoding=\"async\" class=\"photo_album_thbm\" src=\"https:\/\/lesgrosvoyagent.fr\/wordpress\/wp-content\/uploads\/2017\/12\/IMG_20171030_072501319_HDR-300x169.jpg\" alt=\"Can Tho\" width=\"178\" height=\"100\" \/><\/a><p class=\"wp-caption-text\">Can Tho<\/p><\/div>\n<div style=\"width: 188px\" class=\"wp-caption alignleft\"><a href=\"https:\/\/photos.app.goo.gl\/R75wJpgQflgIkrgh2\" target=\"_blank\" rel=\"noopener\"><img loading=\"lazy\" decoding=\"async\" class=\"photo_album_thbm\" src=\"https:\/\/lesgrosvoyagent.fr\/wordpress\/wp-content\/uploads\/2017\/12\/20171027_163312-300x200.jpg\" alt=\"Nha Trang\" width=\"178\" height=\"100\" \/><\/a><p class=\"wp-caption-text\">Nha Trang<\/p><\/div>\n<div style=\"width: 188px\" class=\"wp-caption alignleft\"><a href=\"https:\/\/photos.app.goo.gl\/uA23S1Qya2GfoQgK2\" target=\"_blank\" rel=\"noopener\"><img loading=\"lazy\" decoding=\"async\" class=\"photo_album_thbm\" src=\"https:\/\/lesgrosvoyagent.fr\/wordpress\/wp-content\/uploads\/2017\/12\/20171025_121817-300x169.jpg\" alt=\"Dalat\" width=\"178\" height=\"100\" \/><\/a><p class=\"wp-caption-text\">Dalat<\/p><\/div>\n<div style=\"width: 188px\" class=\"wp-caption alignleft\"><a href=\"https:\/\/photos.app.goo.gl\/VhBpmaWDjvONY63E3\" target=\"_blank\" rel=\"noopener\"><img loading=\"lazy\" decoding=\"async\" class=\"photo_album_thbm\" src=\"https:\/\/lesgrosvoyagent.fr\/wordpress\/wp-content\/uploads\/2017\/12\/20171019_223536-300x169.jpg\" alt=\"Ho Chi Minh\" width=\"178\" height=\"100\" \/><\/a><p class=\"wp-caption-text\">Ho Chi Minh<\/p><\/div>\n<h2>Philippines<\/h2>\n<div style=\"width: 188px\" class=\"wp-caption alignleft\"><a href=\"https:\/\/photos.app.goo.gl\/wF357N4Y3OgBFqrn2\" target=\"_blank\" rel=\"noopener\"><img loading=\"lazy\" decoding=\"async\" class=\"photo_album_thbm\" src=\"https:\/\/lesgrosvoyagent.fr\/wordpress\/wp-content\/uploads\/2017\/12\/scene00006-300x169.png\" alt=\"Cebu\" width=\"178\" height=\"100\" \/><\/a><p class=\"wp-caption-text\">Cebu<\/p><\/div>\n<div style=\"width: 188px\" class=\"wp-caption alignleft\"><a href=\"https:\/\/photos.app.goo.gl\/J5lxilef0zzicX0r2\" target=\"_blank\" rel=\"noopener\"><img loading=\"lazy\" decoding=\"async\" class=\"photo_album_thbm\" src=\"https:\/\/lesgrosvoyagent.fr\/wordpress\/wp-content\/uploads\/2017\/12\/IMG_20170930_163044129-300x169.jpg\" alt=\"Puerto Galera\" width=\"178\" height=\"100\" \/><\/a><p class=\"wp-caption-text\">Puerto Galera<\/p><\/div>\n<div style=\"width: 188px\" class=\"wp-caption alignleft\"><a href=\"https:\/\/photos.app.goo.gl\/BY4CzohGUFYDN1s03\" target=\"_blank\" rel=\"noopener\"><img loading=\"lazy\" decoding=\"async\" class=\"photo_album_thbm\" src=\"https:\/\/lesgrosvoyagent.fr\/wordpress\/wp-content\/uploads\/2017\/12\/20170929_110408-300x169.jpg\" alt=\"Bagio, Sagada, Batad\" width=\"178\" height=\"100\" \/><\/a><p class=\"wp-caption-text\">Bagio, Sagada, Batad<\/p><\/div>\n<div style=\"width: 188px\" class=\"wp-caption alignleft\"><a href=\"https:\/\/photos.app.goo.gl\/Z7Yw0QWSZ8eusuEB2\" target=\"_blank\" rel=\"noopener\"><img loading=\"lazy\" decoding=\"async\" class=\"photo_album_thbm\" src=\"https:\/\/lesgrosvoyagent.fr\/wordpress\/wp-content\/uploads\/2017\/12\/20170924_173147-300x169.jpg\" alt=\"Manille\" width=\"178\" height=\"100\" \/><\/a><p class=\"wp-caption-text\">Manille<\/p><\/div>\n<h2>Australie<\/h2>\n<div style=\"width: 188px\" class=\"wp-caption alignleft\"><a href=\"https:\/\/photos.app.goo.gl\/7fCUa2Jji2lPCOqt1\" target=\"_blank\" rel=\"noopener\"><img loading=\"lazy\" decoding=\"async\" class=\"photo_album_thbm\" src=\"https:\/\/lesgrosvoyagent.fr\/wordpress\/wp-content\/uploads\/2017\/12\/20170919_125101-300x169.jpg\" alt=\"Perth\" width=\"178\" height=\"100\" \/><\/a><p class=\"wp-caption-text\">Perth<\/p><\/div>\n<div style=\"width: 188px\" class=\"wp-caption alignleft\"><a href=\"https:\/\/photos.app.goo.gl\/B3LsHmojWT1SVOP53\" target=\"_blank\" rel=\"noopener\"><img loading=\"lazy\" decoding=\"async\" class=\"photo_album_thbm\" src=\"https:\/\/lesgrosvoyagent.fr\/wordpress\/wp-content\/uploads\/2017\/12\/20170916_164630-300x200.jpg\" alt=\"Melbourne\" width=\"178\" height=\"100\" \/><\/a><p class=\"wp-caption-text\">Melbourne<\/p><\/div>\n<h2>Argentine<\/h2>\n<div style=\"width: 188px\" class=\"wp-caption alignleft\"><a href=\"https:\/\/photos.app.goo.gl\/3xtpyIDJjP60YZGG3\" target=\"_blank\" rel=\"noopener\"><img loading=\"lazy\" decoding=\"async\" class=\"photo_album_thbm\" src=\"https:\/\/lesgrosvoyagent.fr\/wordpress\/wp-content\/uploads\/2017\/12\/20170911_160920-300x169.jpg\" alt=\"Buenos Aires\" width=\"178\" height=\"100\" \/><\/a><p class=\"wp-caption-text\">Buenos Aires<\/p><\/div>\n<div style=\"width: 188px\" class=\"wp-caption alignleft\"><a href=\"https:\/\/photos.app.goo.gl\/LvSIRzQ4iINLzGCt2\" target=\"_blank\" rel=\"noopener\"><img loading=\"lazy\" decoding=\"async\" class=\"photo_album_thbm\" src=\"https:\/\/lesgrosvoyagent.fr\/wordpress\/wp-content\/uploads\/2017\/12\/20170909_115802-300x169.jpg\" alt=\"El Calafate\" width=\"178\" height=\"100\" \/><\/a><p class=\"wp-caption-text\">El Calafate<\/p><\/div>\n<div style=\"width: 188px\" class=\"wp-caption alignleft\"><a href=\"https:\/\/photos.app.goo.gl\/6yCyYMs2GktaGVX42\" target=\"_blank\" rel=\"noopener\"><img loading=\"lazy\" decoding=\"async\" class=\"photo_album_thbm\" src=\"https:\/\/lesgrosvoyagent.fr\/wordpress\/wp-content\/uploads\/2017\/12\/20170906_122116-300x169.jpg\" alt=\"El Chalt\u00e9n\" width=\"178\" height=\"100\" \/><\/a><p class=\"wp-caption-text\">El Chalt\u00e9n<\/p><\/div>\n<div style=\"width: 188px\" class=\"wp-caption alignleft\"><a href=\"https:\/\/goo.gl\/photos\/h1o3pqkBNgoyet5w9\" target=\"_blank\" rel=\"noopener\"><img loading=\"lazy\" decoding=\"async\" class=\"photo_album_thbm\" src=\"https:\/\/lesgrosvoyagent.fr\/wordpress\/wp-content\/uploads\/2017\/12\/20170829_124059-300x169.jpg\" alt=\"Bariloche\" width=\"178\" height=\"100\" \/><\/a><p class=\"wp-caption-text\">Bariloche<\/p><\/div>\n<div style=\"width: 188px\" class=\"wp-caption alignleft\"><a href=\"https:\/\/goo.gl\/photos\/netf3YV1TWJEWczb6\" target=\"_blank\" rel=\"noopener\"><img loading=\"lazy\" decoding=\"async\" class=\"photo_album_thbm\" src=\"https:\/\/lesgrosvoyagent.fr\/wordpress\/wp-content\/uploads\/2017\/12\/20170804_174206-1-300x225.jpg\" alt=\"Salta, Cordoba, Mendoza\" width=\"178\" height=\"100\" \/><\/a><p class=\"wp-caption-text\">Salta, Cordoba, Mendoza<\/p><\/div>\n<h2>Chili<\/h2>\n<div style=\"width: 188px\" class=\"wp-caption alignleft\"><a href=\"https:\/\/photos.app.goo.gl\/si5KWNoV9A70APgz1\" target=\"_blank\" rel=\"noopener\"><img loading=\"lazy\" decoding=\"async\" class=\"photo_album_thbm\" src=\"https:\/\/lesgrosvoyagent.fr\/wordpress\/wp-content\/uploads\/2017\/12\/20170904_171001-300x169.jpg\" alt=\"Puerto Natales\" width=\"178\" height=\"100\" \/><\/a><p class=\"wp-caption-text\">Puerto Natales<\/p><\/div>\n<div style=\"width: 188px\" class=\"wp-caption alignleft\"><a href=\"https:\/\/goo.gl\/photos\/JoPma9rKZfsiHJ7Z7\" target=\"_blank\" rel=\"noopener\"><img loading=\"lazy\" decoding=\"async\" class=\"photo_album_thbm\" src=\"https:\/\/lesgrosvoyagent.fr\/wordpress\/wp-content\/uploads\/2017\/12\/20170826_170120-300x300.jpg\" alt=\"Chiloe\" width=\"178\" height=\"100\" \/><\/a><p class=\"wp-caption-text\">Chiloe<\/p><\/div>\n<div style=\"width: 188px\" class=\"wp-caption alignleft\"><a href=\"https:\/\/goo.gl\/photos\/bmSDxNdJELsifDYn8\" target=\"_blank\" rel=\"noopener\"><img loading=\"lazy\" decoding=\"async\" class=\"photo_album_thbm\" src=\"https:\/\/lesgrosvoyagent.fr\/wordpress\/wp-content\/uploads\/2017\/12\/IMG_20170823_115300642-300x169.jpg\" alt=\"Puerto Varas\" width=\"178\" height=\"100\" \/><\/a><p class=\"wp-caption-text\">Puerto Varas<\/p><\/div>\n<div style=\"width: 188px\" class=\"wp-caption alignleft\"><a href=\"https:\/\/goo.gl\/photos\/hfY5tGpA58q2GM4s9\" target=\"_blank\" rel=\"noopener\"><img loading=\"lazy\" decoding=\"async\" class=\"photo_album_thbm\" src=\"https:\/\/lesgrosvoyagent.fr\/wordpress\/wp-content\/uploads\/2017\/12\/20170820_134057-300x169.jpg\" alt=\"Puc\u00f3n\" width=\"178\" height=\"100\" \/><\/a><p class=\"wp-caption-text\">Puc\u00f3n<\/p><\/div>\n<div style=\"width: 188px\" class=\"wp-caption alignleft\"><a href=\"https:\/\/goo.gl\/photos\/qqv9DbE3nGe8M9sG8\" target=\"_blank\" rel=\"noopener\"><img loading=\"lazy\" decoding=\"async\" class=\"photo_album_thbm\" src=\"https:\/\/lesgrosvoyagent.fr\/wordpress\/wp-content\/uploads\/2017\/12\/20170815_180547-300x169.jpg\" width=\"178\" height=\"100\" \/><\/a><p class=\"wp-caption-text\">Valparaiso &amp; Vina Del Mar<\/p><\/div>\n<div style=\"width: 188px\" class=\"wp-caption alignleft\"><a href=\"https:\/\/goo.gl\/photos\/DurBNgem5RFDiHWu7\" target=\"_blank\" rel=\"noopener\"><img loading=\"lazy\" decoding=\"async\" class=\"photo_album_thbm\" src=\"https:\/\/lesgrosvoyagent.fr\/wordpress\/wp-content\/uploads\/2017\/12\/20170814_123045-300x168.jpg\" alt=\"\" width=\"178\" height=\"100\" \/><\/a><p class=\"wp-caption-text\">Santiago<\/p><\/div>\n<h2>Bolivie<\/h2>\n<div style=\"width: 188px\" class=\"wp-caption alignleft\"><a href=\"https:\/\/goo.gl\/photos\/qXsufsNmABRwF6kW6\" target=\"_blank\" rel=\"noopener\"><img loading=\"lazy\" decoding=\"async\" class=\"photo_album_thbm\" src=\"https:\/\/lesgrosvoyagent.fr\/wordpress\/wp-content\/uploads\/2017\/12\/20170729_0706202-300x169.jpg\" alt=\"\" width=\"178\" height=\"100\" \/><\/a><p class=\"wp-caption-text\">Uyuni<\/p><\/div>\n<div style=\"width: 188px\" class=\"wp-caption alignleft\"><a href=\" https:\/\/goo.gl\/photos\/TWXSA9cqWUFHRcMs9\" target=\"_blank\" rel=\"noopener\"><img loading=\"lazy\" decoding=\"async\" class=\"photo_album_thbm\" src=\"https:\/\/lesgrosvoyagent.fr\/wordpress\/wp-content\/uploads\/2017\/12\/IMG_20170711_153405625-300x225.jpg\" alt=\"\" width=\"178\" height=\"100\" \/><\/a><p class=\"wp-caption-text\">Madidi<\/p><\/div>\n<div style=\"width: 188px\" class=\"wp-caption alignleft\"><a href=\"https:\/\/goo.gl\/photos\/NgmLbgpVfBk1kGeZ9\" target=\"_blank\" rel=\"noopener\"><img loading=\"lazy\" decoding=\"async\" class=\"photo_album_thbm\" src=\"https:\/\/lesgrosvoyagent.fr\/wordpress\/wp-content\/uploads\/2017\/12\/20170719_111548-300x169.jpg\" alt=\"La Paz &amp; Sucre\" width=\"178\" height=\"100\" \/><\/a><p class=\"wp-caption-text\">La Paz, Sucre<\/p><\/div>\n<h2>P\u00e9rou<\/h2>\n<div style=\"width: 188px\" class=\"wp-caption alignleft\"><a href=\"https:\/\/goo.gl\/photos\/m1xqHRTL9cQtqh6s6\" target=\"_blank\" rel=\"noopener\"><img loading=\"lazy\" decoding=\"async\" class=\"photo_album_thbm\" src=\"https:\/\/lesgrosvoyagent.fr\/wordpress\/wp-content\/uploads\/2017\/12\/20170705_1513232-01-300x169.jpeg\" alt=\"\" width=\"178\" height=\"100\" \/><\/a><p class=\"wp-caption-text\">Puno<\/p><\/div>\n<div style=\"width: 188px\" class=\"wp-caption alignleft\"><a href=\"https:\/\/goo.gl\/photos\/37qLNYmN4ZxxKVb77\n\" target=\"_blank\" rel=\"noopener\"><img loading=\"lazy\" decoding=\"async\" class=\"photo_album_thbm\" src=\"https:\/\/lh3.googleusercontent.com\/wWpWUZ39Twj-hFiN9SlVCNCvTQCI-_Xiv6FeQhvK6ImecACSG9KJlsbOb0qlf-WLRDEQoHoSFpxOsf07Q4Glhf7gBluGhvl8pucbNQm7mG4gWj8_UfuT0GfO87q9Folj7LFsOoaHHmpj69XIKHLi7IIx34NmAIKmzT9aQpVlE7zE22IphJ3-gkCXQIgQW1QCZ6jQqoZ9-RthgAAACjqPsRyXvw_w7XfwQ3yk9zPdvNLF6LBTfsJUi-YG9TY34QtjFUs0_2IHMkwQ5KU4Bi0bQdHKW4YAefdJCUdXlW_dn2rEvgPmG2NBVzjUeQ1U7Yiqjz5DWcBodGuK5D7AaCdAKWQE7Vi74FDdqKUGm6s-IzvYxXMinGXVdheYHa6K9LA6TfiEHAWvdBUHPQ2Ji-QPdxLtrphlBRw1wCPhUdk5nqrnp-F7BANVA_oH-SeSJt4LSsUPoTY8HrA2kKrgIhHVzbesExgPQNhzaPaDVO7vfQui5dXLKLjsrj8So-WjpVaM50BswNr1g5wdklVmi6KaipoezV_b5txAxzE6r-dxiRK52HePai5rwbxlN7-nsYb0NJmpu47b9g9hVXatCcFjZgFXiSJuD0qrk6HR0n3no5kPegqTCLPsdkdhvfJ0lhiqW7ytt_XkfIH2MA-mC9vSuOdmfK6Qvn1wgHpWZj5ZTK3IBNL_5WMGD4Ey_ENG9yHQCT-sb34hNUcFgRqxYA=w178-h100\" alt=\"\" width=\"178\" height=\"100\" \/><\/a><p class=\"wp-caption-text\">Canyon de Colca<\/p><\/div>\n<div style=\"width: 188px\" class=\"wp-caption alignleft\"><a href=\"https:\/\/goo.gl\/photos\/QCmH416URGrBA5Hg7\" target=\"_blank\" rel=\"noopener\"><img loading=\"lazy\" decoding=\"async\" class=\"photo_album_thbm\" src=\"https:\/\/lesgrosvoyagent.fr\/wordpress\/wp-content\/uploads\/2017\/12\/IMG_20170625_175207211_HDR-300x169.jpg\" alt=\"\" width=\"178\" height=\"100\" \/><\/a><p class=\"wp-caption-text\">Arequipa<\/p><\/div>\n<div style=\"width: 188px\" class=\"wp-caption alignleft\"><a href=\"https:\/\/goo.gl\/photos\/4FXxNBmZKAQDUPDD8\" target=\"_blank\" rel=\"noopener\"><img loading=\"lazy\" decoding=\"async\" class=\"photo_album_thbm\" src=\"https:\/\/lesgrosvoyagent.fr\/wordpress\/wp-content\/uploads\/2017\/12\/IMG_20170619_103549165_HDR-300x169.jpg\" alt=\"\" width=\"178\" height=\"100\" \/><\/a><p class=\"wp-caption-text\">Cusco &amp; Machu Pichu<\/p><\/div>\n<div style=\"width: 188px\" class=\"wp-caption alignleft\"><a href=\"https:\/\/goo.gl\/photos\/Jx1QqBtSfopRwG5E6\" target=\"_blank\" rel=\"noopener\"><img loading=\"lazy\" decoding=\"async\" class=\"photo_album_thbm\" src=\"https:\/\/lesgrosvoyagent.fr\/wordpress\/wp-content\/uploads\/2017\/12\/IMG_20170608_162939630-300x169.jpg\" alt=\"\" width=\"178\" height=\"100\" \/><\/a><p class=\"wp-caption-text\">Nasca<\/p><\/div>\n<div style=\"width: 188px\" class=\"wp-caption alignleft\"><a href=\"https:\/\/goo.gl\/photos\/kM38M7sX9ZxR1Fxk7\" target=\"_blank\" rel=\"noopener\"><img loading=\"lazy\" decoding=\"async\" class=\"photo_album_thbm\" src=\"https:\/\/lesgrosvoyagent.fr\/wordpress\/wp-content\/uploads\/2017\/12\/IMG_20170607_161845488_HDR-300x169.jpg\" alt=\"\" width=\"178\" height=\"100\" \/><\/a><p class=\"wp-caption-text\">Ica<\/p><\/div>\n<div style=\"width: 188px\" class=\"wp-caption alignleft\"><a href=\"https:\/\/goo.gl\/photos\/R4h2RKb5dkk9oYz28\" target=\"_blank\" rel=\"noopener\"><img loading=\"lazy\" decoding=\"async\" class=\"photo_album_thbm\" src=\"https:\/\/lesgrosvoyagent.fr\/wordpress\/wp-content\/uploads\/2017\/12\/IMG_20170604_171453283_HDR-360x240.jpg\" alt=\"\" width=\"178\" height=\"100\" \/><\/a><p class=\"wp-caption-text\">Lima<\/p><\/div>\n<h2>Costa Rica<\/h2>\n<div style=\"width: 188px\" class=\"wp-caption alignleft\"><a href=\"https:\/\/goo.gl\/photos\/ZSeo6J4GFhhYxpxDA\" target=\"_blank\" rel=\"noopener\"><img loading=\"lazy\" decoding=\"async\" class=\"photo_album_thbm\" src=\"https:\/\/lesgrosvoyagent.fr\/wordpress\/wp-content\/uploads\/2017\/12\/DSC_0908-300x169.jpg\" alt=\"Costa Rica\" width=\"178\" height=\"100\" \/><\/a><p class=\"wp-caption-text\">Costa Rica<\/p><\/div>\n<div style=\"width: 188px\" class=\"wp-caption alignleft\"><a href=\"https:\/\/goo.gl\/photos\/VTyEWRdK4Rf1GSFa6\" target=\"_blank\" rel=\"noopener\"><img loading=\"lazy\" decoding=\"async\" class=\"photo_album_thbm\" src=\"https:\/\/lesgrosvoyagent.fr\/wordpress\/wp-content\/uploads\/2017\/12\/20170519_095903-300x225.jpg\" alt=\"Yorkin\" width=\"178\" height=\"100\" \/><\/a><p class=\"wp-caption-text\">Yorkin<\/p><\/div>\n<h2>Honduras<\/h2>\n<div style=\"width: 188px\" class=\"wp-caption alignleft\"><a href=\"https:\/\/goo.gl\/photos\/nrREn1uhxUF49r8o8\" target=\"_blank\" rel=\"noopener\"><img loading=\"lazy\" decoding=\"async\" class=\"photo_album_thbm\" src=\"https:\/\/lesgrosvoyagent.fr\/wordpress\/wp-content\/uploads\/2017\/12\/20170513_1431522-300x169.jpg\" alt=\"Utila\" width=\"178\" height=\"100\" \/><\/a><p class=\"wp-caption-text\">Utila<\/p><\/div>\n<h2>Guatemala<\/h2>\n<div style=\"width: 188px\" class=\"wp-caption alignleft\"><a href=\"https:\/\/goo.gl\/photos\/82YB3Xu1743hQfyi7\" target=\"_blank\" rel=\"noopener\"><img loading=\"lazy\" decoding=\"async\" class=\"photo_album_thbm\" src=\"https:\/\/lesgrosvoyagent.fr\/wordpress\/wp-content\/uploads\/2017\/12\/20170507_072505-300x169.jpg\" alt=\"Tikal\" width=\"178\" height=\"100\" \/><\/a><p class=\"wp-caption-text\">Tikal<\/p><\/div>\n<h2>Mexico<\/h2>\n<div style=\"width: 188px\" class=\"wp-caption alignleft\"><a href=\"https:\/\/goo.gl\/photos\/VcfPbKFDoi3wpirQ8\" target=\"_blank\" rel=\"noopener\"><img loading=\"lazy\" decoding=\"async\" class=\"photo_album_thbm\" src=\"https:\/\/lesgrosvoyagent.fr\/wordpress\/wp-content\/uploads\/2017\/12\/18236406_10155442478282259_2127581892_o-300x169.jpg\" alt=\"Bacalar\" width=\"178\" height=\"100\" \/><\/a><p class=\"wp-caption-text\">Bacalar<\/p><\/div>\n<div style=\"width: 188px\" class=\"wp-caption alignleft\"><a href=\"https:\/\/goo.gl\/photos\/JVq6mwGiRb1XXHds6\" target=\"_blank\" rel=\"noopener\"><img loading=\"lazy\" decoding=\"async\" class=\"photo_album_thbm\" src=\"https:\/\/lesgrosvoyagent.fr\/wordpress\/wp-content\/uploads\/2017\/12\/Photo0220-300x300.jpg\" alt=\"Tulum\" width=\"178\" height=\"100\" \/><\/a><p class=\"wp-caption-text\">Tulum<\/p><\/div>\n<div style=\"width: 188px\" class=\"wp-caption alignleft\"><a href=\"https:\/\/goo.gl\/photos\/EG5rKN8yaxSCevHX7\" target=\"_blank\" rel=\"noopener\"><img loading=\"lazy\" decoding=\"async\" class=\"photo_album_thbm\" src=\"https:\/\/lesgrosvoyagent.fr\/wordpress\/wp-content\/uploads\/2017\/12\/IMG_6814-300x169.jpg\" alt=\"Merida\" width=\"178\" height=\"100\" \/><\/a><p class=\"wp-caption-text\">Merida<\/p><\/div>\n<div style=\"width: 188px\" class=\"wp-caption alignleft\"><a href=\"https:\/\/goo.gl\/photos\/DQaT1FLFEPaWFVWQ7\" target=\"_blank\" rel=\"noopener\"><img loading=\"lazy\" decoding=\"async\" class=\"photo_album_thbm\" src=\"https:\/\/lesgrosvoyagent.fr\/wordpress\/wp-content\/uploads\/2017\/12\/IMG_6772-300x169.jpg\" alt=\"Campeche\" width=\"178\" height=\"100\" \/><\/a><p class=\"wp-caption-text\">Campeche<\/p><\/div>\n<div style=\"width: 188px\" class=\"wp-caption alignleft\"><a href=\"https:\/\/goo.gl\/photos\/ypxzSUEFkME2HcyA8\" target=\"_blank\" rel=\"noopener\"><img loading=\"lazy\" decoding=\"async\" class=\"photo_album_thbm\" src=\"https:\/\/lesgrosvoyagent.fr\/wordpress\/wp-content\/uploads\/2017\/12\/IMG_6641-1-300x225.jpg\" alt=\"San Cristobal\" width=\"178\" height=\"100\" \/><\/a><p class=\"wp-caption-text\">San Cristobal<\/p><\/div>\n<div style=\"width: 188px\" class=\"wp-caption alignleft\"><a href=\"https:\/\/goo.gl\/photos\/bjtzFEvGb2YHeWHL8\" target=\"_blank\" rel=\"noopener\"><img loading=\"lazy\" decoding=\"async\" class=\"photo_album_thbm\" src=\"https:\/\/lesgrosvoyagent.fr\/wordpress\/wp-content\/uploads\/2017\/12\/IMG_6454-300x225.jpg\" alt=\"Oaxaca\" width=\"178\" height=\"100\" \/><\/a><p class=\"wp-caption-text\">Oaxaca<\/p><\/div>\n<div style=\"width: 188px\" class=\"wp-caption alignleft\"><a href=\"https:\/\/goo.gl\/photos\/1bqKhT1hUiDAGipT7\" target=\"_blank\" rel=\"noopener\"><img loading=\"lazy\" decoding=\"async\" class=\"photo_album_thbm\" src=\"https:\/\/lesgrosvoyagent.fr\/wordpress\/wp-content\/uploads\/2017\/12\/IMG_6351-300x225.jpg\" alt=\"Orizaba\" width=\"178\" height=\"100\" \/><\/a><p class=\"wp-caption-text\">Orizaba<\/p><\/div>\n<div style=\"width: 188px\" class=\"wp-caption alignleft\"><a href=\"https:\/\/goo.gl\/photos\/7no5JnmiaPdmgc326\" target=\"_blank\" rel=\"noopener\"><img loading=\"lazy\" decoding=\"async\" class=\"photo_album_thbm\" src=\"https:\/\/lesgrosvoyagent.fr\/wordpress\/wp-content\/uploads\/2017\/12\/IMG_6319-300x264.jpg\" alt=\"Coatepec\" width=\"178\" height=\"100\" \/><\/a><p class=\"wp-caption-text\">Coatepec<\/p><\/div>\n<div style=\"width: 188px\" class=\"wp-caption alignleft\"><a href=\"https:\/\/goo.gl\/photos\/xV6QbM7YoiUySDeg6\" target=\"_blank\" rel=\"noopener\"><img loading=\"lazy\" decoding=\"async\" class=\"photo_album_thbm\" src=\"https:\/\/lesgrosvoyagent.fr\/wordpress\/wp-content\/uploads\/2017\/12\/IMG_6194-300x172.jpg\" alt=\"Mexico-City\" width=\"178\" height=\"100\" \/><\/a><p class=\"wp-caption-text\">Mexico-City<\/p><\/div>\n<h2>USA<\/h2>\n<div style=\"width: 188px\" class=\"wp-caption alignleft\"><a href=\"https:\/\/goo.gl\/photos\/wrjN2Rtyh2kYuxbn8\" target=\"_blank\" rel=\"noopener\"><img loading=\"lazy\" decoding=\"async\" class=\"photo_album_thbm\" src=\"https:\/\/lesgrosvoyagent.fr\/wordpress\/wp-content\/uploads\/2017\/12\/IMG_5992-300x225.jpg\" alt=\"New-York\" width=\"178\" height=\"100\" \/><\/a><p class=\"wp-caption-text\">New-York<\/p><\/div>\n<\/div>\n","protected":false},"excerpt":{"rendered":"<p>Notre voyage n&rsquo;a maintenant plus de secret pour vous. Acc\u00e9dez \u00e0 tous nos clich\u00e9s comme si vous y \u00e9tiez.<\/p>\n","protected":false},"author":1,"featured_media":0,"parent":0,"menu_order":0,"comment_status":"closed","ping_status":"closed","template":"","meta":{"footnotes":""},"class_list":["post-274","page","type-page","status-publish","hentry"],"_links":{"self":[{"href":"https:\/\/lesgrosvoyagent.fr\/wordpress\/wp-json\/wp\/v2\/pages\/274","targetHints":{"allow":["GET"]}}],"collection":[{"href":"https:\/\/lesgrosvoyagent.fr\/wordpress\/wp-json\/wp\/v2\/pages"}],"about":[{"href":"https:\/\/lesgrosvoyagent.fr\/wordpress\/wp-json\/wp\/v2\/types\/page"}],"author":[{"embeddable":true,"href":"https:\/\/lesgrosvoyagent.fr\/wordpress\/wp-json\/wp\/v2\/users\/1"}],"replies":[{"embeddable":true,"href":"https:\/\/lesgrosvoyagent.fr\/wordpress\/wp-json\/wp\/v2\/comments?post=274"}],"version-history":[{"count":77,"href":"https:\/\/lesgrosvoyagent.fr\/wordpress\/wp-json\/wp\/v2\/pages\/274\/revisions"}],"predecessor-version":[{"id":2236,"href":"https:\/\/lesgrosvoyagent.fr\/wordpress\/wp-json\/wp\/v2\/pages\/274\/revisions\/2236"}],"wp:attachment":[{"href":"https:\/\/lesgrosvoyagent.fr\/wordpress\/wp-json\/wp\/v2\/media?parent=274"}],"curies":[{"name":"wp","href":"https:\/\/api.w.org\/{rel}","templated":true}]}}