{"id":273,"date":"2017-04-10T22:09:34","date_gmt":"2017-04-10T22:09:34","guid":{"rendered":"http:\/\/lesgrosvoyagent.fr\/wordpress\/?page_id=273"},"modified":"2017-10-07T03:33:35","modified_gmt":"2017-10-07T03:33:35","slug":"voyage-en-chiffres","status":"publish","type":"page","link":"https:\/\/lesgrosvoyagent.fr\/wordpress\/voyage-en-chiffres\/","title":{"rendered":"Voyage en chiffres"},"content":{"rendered":"<p>L&rsquo;un d&rsquo;entre nous aimant beaucoup les chiffres, il nous a sembl\u00e9 indispensable de partager quelques statistiques de ce qui fait notre quotidien.<\/p>\n<p><div class=\"splitflap\"> HEURES DE BUS:     476 <\/div><div class=\"splitflap\"> KM A PIED:        2340 <\/div><div class=\"splitflap\"> KM PARCOURUS:    67664 <\/div><div class=\"splitflap\"> NOMBRE DE VISAS:    20 <\/div><div class=\"splitflap\"> BIERES FANNY:      260 <\/div><div class=\"splitflap\"> BIERES OLIVIER:    264 <\/div><div class=\"splitflap\"> PLONGEES:           17 <\/div><div class=\"splitflap\"> COUCHERS DE SOLEIL: 25 <\/div><\/p>\n<p><i>Derni\u00e8re mise \u00e0 jour : 07\/10\/2017<\/i><\/p>\n","protected":false},"excerpt":{"rendered":"<p>L&rsquo;un d&rsquo;entre nous aimant beaucoup les chiffres, il nous a sembl\u00e9 indispensable de partager quelques statistiques de ce qui fait notre quotidien. Derni\u00e8re mise \u00e0 jour : 07\/10\/2017<\/p>\n","protected":false},"author":1,"featured_media":0,"parent":0,"menu_order":0,"comment_status":"closed","ping_status":"closed","template":"","meta":{"footnotes":""},"class_list":["post-273","page","type-page","status-publish","hentry"],"_links":{"self":[{"href":"https:\/\/lesgrosvoyagent.fr\/wordpress\/wp-json\/wp\/v2\/pages\/273","targetHints":{"allow":["GET"]}}],"collection":[{"href":"https:\/\/lesgrosvoyagent.fr\/wordpress\/wp-json\/wp\/v2\/pages"}],"about":[{"href":"https:\/\/lesgrosvoyagent.fr\/wordpress\/wp-json\/wp\/v2\/types\/page"}],"author":[{"embeddable":true,"href":"https:\/\/lesgrosvoyagent.fr\/wordpress\/wp-json\/wp\/v2\/users\/1"}],"replies":[{"embeddable":true,"href":"https:\/\/lesgrosvoyagent.fr\/wordpress\/wp-json\/wp\/v2\/comments?post=273"}],"version-history":[{"count":19,"href":"https:\/\/lesgrosvoyagent.fr\/wordpress\/wp-json\/wp\/v2\/pages\/273\/revisions"}],"predecessor-version":[{"id":1481,"href":"https:\/\/lesgrosvoyagent.fr\/wordpress\/wp-json\/wp\/v2\/pages\/273\/revisions\/1481"}],"wp:attachment":[{"href":"https:\/\/lesgrosvoyagent.fr\/wordpress\/wp-json\/wp\/v2\/media?parent=273"}],"curies":[{"name":"wp","href":"https:\/\/api.w.org\/{rel}","templated":true}]}}