{"id":1683,"date":"2017-11-08T14:10:27","date_gmt":"2017-11-08T14:10:27","guid":{"rendered":"http:\/\/lesgrosvoyagent.fr\/wordpress\/?page_id=1683"},"modified":"2020-04-19T18:38:32","modified_gmt":"2020-04-19T18:38:32","slug":"on-parle-de-nous","status":"publish","type":"page","link":"https:\/\/lesgrosvoyagent.fr\/wordpress\/on-parle-de-nous\/","title":{"rendered":"On parle de nous"},"content":{"rendered":"<p>Nous avons eu la chance d&rsquo;\u00eatre interview\u00e9s et publi\u00e9s dans les journaux suivants :<\/p>\n<div style=\"text-align: center\">\n<div style=\"float: left\">\n<div id=\"attachment_1681\" style=\"width: 260px\" class=\"wp-caption aligncenter\"><a href=\"https:\/\/lesgrosvoyagent.fr\/wordpress\/wp-content\/uploads\/2017\/11\/received_10210387682949666.jpeg\"><img loading=\"lazy\" decoding=\"async\" aria-describedby=\"caption-attachment-1681\" src=\"https:\/\/lesgrosvoyagent.fr\/wordpress\/wp-content\/uploads\/2017\/11\/received_10210387682949666-139x300.jpeg\" alt=\"\" width=\"139\" height=\"300\" class=\"wp-image-1681 size-medium\" srcset=\"https:\/\/lesgrosvoyagent.fr\/wordpress\/wp-content\/uploads\/2017\/11\/received_10210387682949666-139x300.jpeg 139w, https:\/\/lesgrosvoyagent.fr\/wordpress\/wp-content\/uploads\/2017\/11\/received_10210387682949666-768x1654.jpeg 768w, https:\/\/lesgrosvoyagent.fr\/wordpress\/wp-content\/uploads\/2017\/11\/received_10210387682949666-476x1024.jpeg 476w, https:\/\/lesgrosvoyagent.fr\/wordpress\/wp-content\/uploads\/2017\/11\/received_10210387682949666.jpeg 951w\" sizes=\"auto, (max-width: 139px) 100vw, 139px\" \/><\/a><p id=\"caption-attachment-1681\" class=\"wp-caption-text\"><em>l&rsquo;Observateur du Cambraisis<br \/>publi\u00e9 le 4\/05\/2017<\/em><\/p><\/div>\n<\/div>\n<div style=\"float: left\">\n<div id=\"attachment_1708\" style=\"width: 245px\" class=\"wp-caption aligncenter\"><a href=\"https:\/\/lesgrosvoyagent.fr\/wordpress\/wp-content\/uploads\/2017\/11\/23546906_833624930153053_188605521_o.jpg\"><img loading=\"lazy\" decoding=\"async\" aria-describedby=\"caption-attachment-1708\" src=\"https:\/\/lesgrosvoyagent.fr\/wordpress\/wp-content\/uploads\/2017\/11\/23546906_833624930153053_188605521_o-235x300.jpg\" alt=\"\" width=\"235\" height=\"300\" class=\"wp-image-1708 size-medium\" srcset=\"https:\/\/lesgrosvoyagent.fr\/wordpress\/wp-content\/uploads\/2017\/11\/23546906_833624930153053_188605521_o-235x300.jpg 235w, https:\/\/lesgrosvoyagent.fr\/wordpress\/wp-content\/uploads\/2017\/11\/23546906_833624930153053_188605521_o-768x981.jpg 768w, https:\/\/lesgrosvoyagent.fr\/wordpress\/wp-content\/uploads\/2017\/11\/23546906_833624930153053_188605521_o-801x1024.jpg 801w\" sizes=\"auto, (max-width: 235px) 100vw, 235px\" \/><\/a><p id=\"caption-attachment-1708\" class=\"wp-caption-text\"><em>La Voix du Nord<br \/>publi\u00e9 le 9\/05\/2017<\/em><\/p><\/div>\n<\/div>\n<\/div>\n","protected":false},"excerpt":{"rendered":"<p>Nous avons eu la chance d&rsquo;\u00eatre interview\u00e9s et publi\u00e9s dans les journaux suivants :<\/p>\n","protected":false},"author":2,"featured_media":0,"parent":0,"menu_order":0,"comment_status":"closed","ping_status":"closed","template":"","meta":{"footnotes":""},"class_list":["post-1683","page","type-page","status-publish","hentry"],"_links":{"self":[{"href":"https:\/\/lesgrosvoyagent.fr\/wordpress\/wp-json\/wp\/v2\/pages\/1683","targetHints":{"allow":["GET"]}}],"collection":[{"href":"https:\/\/lesgrosvoyagent.fr\/wordpress\/wp-json\/wp\/v2\/pages"}],"about":[{"href":"https:\/\/lesgrosvoyagent.fr\/wordpress\/wp-json\/wp\/v2\/types\/page"}],"author":[{"embeddable":true,"href":"https:\/\/lesgrosvoyagent.fr\/wordpress\/wp-json\/wp\/v2\/users\/2"}],"replies":[{"embeddable":true,"href":"https:\/\/lesgrosvoyagent.fr\/wordpress\/wp-json\/wp\/v2\/comments?post=1683"}],"version-history":[{"count":17,"href":"https:\/\/lesgrosvoyagent.fr\/wordpress\/wp-json\/wp\/v2\/pages\/1683\/revisions"}],"predecessor-version":[{"id":2241,"href":"https:\/\/lesgrosvoyagent.fr\/wordpress\/wp-json\/wp\/v2\/pages\/1683\/revisions\/2241"}],"wp:attachment":[{"href":"https:\/\/lesgrosvoyagent.fr\/wordpress\/wp-json\/wp\/v2\/media?parent=1683"}],"curies":[{"name":"wp","href":"https:\/\/api.w.org\/{rel}","templated":true}]}}