{"id":1515,"date":"2017-10-18T09:33:02","date_gmt":"2017-10-18T09:33:02","guid":{"rendered":"http:\/\/lesgrosvoyagent.fr\/wordpress\/?page_id=1515"},"modified":"2018-04-12T11:52:02","modified_gmt":"2018-04-12T11:52:02","slug":"qui-sommes-nous","status":"publish","type":"page","link":"https:\/\/lesgrosvoyagent.fr\/wordpress\/qui-sommes-nous\/","title":{"rendered":"Qui sommes-nous ?"},"content":{"rendered":"<h2>Fanny S\u00e9n\u00e9chal<\/h2>\n<p><a href=\"https:\/\/lesgrosvoyagent.fr\/wordpress\/wp-content\/uploads\/2017\/10\/20170622_1301063.jpg\"><img loading=\"lazy\" decoding=\"async\" id=\"portrait_fanny\" src=\"https:\/\/lesgrosvoyagent.fr\/wordpress\/wp-content\/uploads\/2017\/10\/20170622_1301063-1024x1024.jpg\" alt=\"\" class=\"portrait_qui_somme_nous wp-image-1567\" width=\"312\" height=\"312\" srcset=\"https:\/\/lesgrosvoyagent.fr\/wordpress\/wp-content\/uploads\/2017\/10\/20170622_1301063-1024x1024.jpg 1024w, https:\/\/lesgrosvoyagent.fr\/wordpress\/wp-content\/uploads\/2017\/10\/20170622_1301063-150x150.jpg 150w, https:\/\/lesgrosvoyagent.fr\/wordpress\/wp-content\/uploads\/2017\/10\/20170622_1301063-300x300.jpg 300w, https:\/\/lesgrosvoyagent.fr\/wordpress\/wp-content\/uploads\/2017\/10\/20170622_1301063-768x769.jpg 768w, https:\/\/lesgrosvoyagent.fr\/wordpress\/wp-content\/uploads\/2017\/10\/20170622_1301063-180x180.jpg 180w, https:\/\/lesgrosvoyagent.fr\/wordpress\/wp-content\/uploads\/2017\/10\/20170622_1301063-600x600.jpg 600w, https:\/\/lesgrosvoyagent.fr\/wordpress\/wp-content\/uploads\/2017\/10\/20170622_1301063.jpg 1461w\" sizes=\"auto, (max-width: 312px) 100vw, 312px\" \/><\/a><\/p>\n<p>La t\u00eate en l\u2019air et le<span lang=\"fr-FR\">s pieds dansants<\/span>, Fanny a l\u2019\u00e2me sportive. Passionn\u00e9e de ballet, elle a d\u00fb raccrocher pour un temps les chaussons et se rabattre sur des godillots de marche. Fanny a du mal \u00e0 rester en place et son go\u00fbt irr\u00e9pressible pour le caf\u00e9 n\u2019arrange rien. Malgr\u00e9 une maladresse notoire, son sens du d\u00e9fi et sa curiosit\u00e9 l\u2019ont pouss\u00e9e \u00e0 se mettre au tricot et \u00e0 la guitare. Elle affectionne la lecture, plus particuli\u00e8rement les histoires tragiques et les pr\u00e9f\u00e8re en langue<span lang=\"fr-FR\">s<\/span> <span lang=\"fr-FR\">\u00e9trang\u00e8res.<\/span> <span lang=\"fr-FR\">Elle <\/span>aime d\u00e9couvrir de nouvelles cultures et explorer les lieux qui lui sont inconnus. Pas s\u00fbr qu\u2019un tour du monde suffise \u00e0 \u00e9tancher sa soif d\u2019apprendre et de partager. C\u00f4t\u00e9 blog, elle s\u2019occupe principalement de la partie r\u00e9dactionnelle.<\/p>\n<hr \/>\n<h2>Olivier Georget<\/h2>\n<p><a href=\"https:\/\/lesgrosvoyagent.fr\/wordpress\/wp-content\/uploads\/2017\/10\/IMG_20170523_154844.jpg\"><img loading=\"lazy\" decoding=\"async\" id=\"portrait_olivier\" src=\"https:\/\/lesgrosvoyagent.fr\/wordpress\/wp-content\/uploads\/2017\/10\/IMG_20170523_154844-1024x1024.jpg\" alt=\"\" class=\"portrait_qui_somme_nous size-large wp-image-1566\" width=\"312\" height=\"312\" srcset=\"https:\/\/lesgrosvoyagent.fr\/wordpress\/wp-content\/uploads\/2017\/10\/IMG_20170523_154844-1024x1024.jpg 1024w, https:\/\/lesgrosvoyagent.fr\/wordpress\/wp-content\/uploads\/2017\/10\/IMG_20170523_154844-150x150.jpg 150w, https:\/\/lesgrosvoyagent.fr\/wordpress\/wp-content\/uploads\/2017\/10\/IMG_20170523_154844-300x300.jpg 300w, https:\/\/lesgrosvoyagent.fr\/wordpress\/wp-content\/uploads\/2017\/10\/IMG_20170523_154844-768x768.jpg 768w, https:\/\/lesgrosvoyagent.fr\/wordpress\/wp-content\/uploads\/2017\/10\/IMG_20170523_154844-180x180.jpg 180w, https:\/\/lesgrosvoyagent.fr\/wordpress\/wp-content\/uploads\/2017\/10\/IMG_20170523_154844-600x600.jpg 600w\" sizes=\"auto, (max-width: 312px) 100vw, 312px\" \/><\/a><\/p>\n<p><span lang=\"fr-FR\">Toujours au top de la forme, Olivier chante, danse la vie, rien ne pertube sa bonne humeur. D<\/span>ot\u00e9 d\u2019une infinie patience, <span lang=\"fr-FR\">il<\/span> s\u2019adapte aussi bien aux situations qu\u2019aux personnes, qualit\u00e9s indispensables pour voyager. \u201cTouche \u00e0 tout\u201d et plut\u00f4t cal\u00e9 en informatique, m\u00e9canique, bricolage, Olivier ne cesse de r\u00e9parer, <span lang=\"fr-FR\">re<\/span>coller, construire, <span lang=\"fr-FR\">inventer.<\/span> La m\u00e9moire lui fait souvent d\u00e9faut mais il se rattrape avec son grand sens de l\u2019humour (<span lang=\"fr-FR\">il <\/span>n\u2019est pas toujours rigolo cela dit). Pouss\u00e9 par une envie constante d&rsquo;apprendre, il adore gratter les cordes de sa guitare, se laisser emporter par le calme et la beaut\u00e9 des fonds marins, <span lang=\"fr-FR\">escalader en pleine nature<\/span>, s&rsquo;\u00e9clate \u00e0 glisser sur des descentes enneig\u00e9es. Apr\u00e8s plus de six ans \u00e0 Londres o\u00f9 il travaillait chez Amazon et sortait beaucoup avec ses amis boire des bi\u00e8res, <span lang=\"fr-FR\">il d\u00e9cide<\/span> lui aussi de tout quitter pour se lancer dans l\u2019aventure. Son r\u00f4le sur le blog : <span lang=\"fr-FR\">l&rsquo;aspect technique,<\/span> les photos <span lang=\"fr-FR\">et <\/span>vid\u00e9os.<\/p>\n","protected":false},"excerpt":{"rendered":"<p>Fanny S\u00e9n\u00e9chal La t\u00eate en l\u2019air et les pieds dansants, Fanny a l\u2019\u00e2me sportive. Passionn\u00e9e de ballet, elle a d\u00fb raccrocher pour un temps les chaussons et se rabattre sur des godillots de marche. Fanny a du mal \u00e0 rester en place et son go\u00fbt irr\u00e9pressible pour le caf\u00e9 n\u2019arrange [&hellip;]<\/p>\n","protected":false},"author":2,"featured_media":0,"parent":0,"menu_order":0,"comment_status":"closed","ping_status":"closed","template":"","meta":{"footnotes":""},"class_list":["post-1515","page","type-page","status-publish","hentry"],"_links":{"self":[{"href":"https:\/\/lesgrosvoyagent.fr\/wordpress\/wp-json\/wp\/v2\/pages\/1515","targetHints":{"allow":["GET"]}}],"collection":[{"href":"https:\/\/lesgrosvoyagent.fr\/wordpress\/wp-json\/wp\/v2\/pages"}],"about":[{"href":"https:\/\/lesgrosvoyagent.fr\/wordpress\/wp-json\/wp\/v2\/types\/page"}],"author":[{"embeddable":true,"href":"https:\/\/lesgrosvoyagent.fr\/wordpress\/wp-json\/wp\/v2\/users\/2"}],"replies":[{"embeddable":true,"href":"https:\/\/lesgrosvoyagent.fr\/wordpress\/wp-json\/wp\/v2\/comments?post=1515"}],"version-history":[{"count":16,"href":"https:\/\/lesgrosvoyagent.fr\/wordpress\/wp-json\/wp\/v2\/pages\/1515\/revisions"}],"predecessor-version":[{"id":2211,"href":"https:\/\/lesgrosvoyagent.fr\/wordpress\/wp-json\/wp\/v2\/pages\/1515\/revisions\/2211"}],"wp:attachment":[{"href":"https:\/\/lesgrosvoyagent.fr\/wordpress\/wp-json\/wp\/v2\/media?parent=1515"}],"curies":[{"name":"wp","href":"https:\/\/api.w.org\/{rel}","templated":true}]}}